{"id":192,"date":"2026-03-13T01:03:45","date_gmt":"2026-03-13T01:03:45","guid":{"rendered":"https:\/\/annamae-coop.com\/?page_id=192"},"modified":"2026-03-30T15:31:06","modified_gmt":"2026-03-30T15:31:06","slug":"catalogues","status":"publish","type":"page","link":"https:\/\/annamae-coop.com\/ar\/catalogues\/","title":{"rendered":"\u0643\u0627\u062a\u0627\u0644\u0648\u062c"},"content":{"rendered":"\t\t<div data-elementor-type=\"wp-page\" data-elementor-id=\"192\" class=\"elementor elementor-192\">\n\t\t\t\t<div class=\"elementor-element elementor-element-c191f98 e-con-full e-flex e-con e-parent\" data-id=\"c191f98\" data-element_type=\"container\" data-e-type=\"container\">\n\t\t<div class=\"elementor-element elementor-element-617a7d23 e-flex e-con-boxed e-con e-child\" data-id=\"617a7d23\" data-element_type=\"container\" data-e-type=\"container\" data-settings=\"{&quot;background_background&quot;:&quot;slideshow&quot;,&quot;background_slideshow_gallery&quot;:[{&quot;id&quot;:&quot;29&quot;,&quot;url&quot;:&quot;https:\\\/\\\/annamae-coop.com\\\/wp-content\\\/uploads\\\/2026\\\/03\\\/hero-1b.jpg&quot;},{&quot;id&quot;:&quot;37&quot;,&quot;url&quot;:&quot;https:\\\/\\\/annamae-coop.com\\\/wp-content\\\/uploads\\\/2026\\\/03\\\/hero-2.jpg&quot;}],&quot;background_slideshow_loop&quot;:&quot;yes&quot;,&quot;background_slideshow_slide_duration&quot;:5000,&quot;background_slideshow_slide_transition&quot;:&quot;fade&quot;,&quot;background_slideshow_transition_duration&quot;:500}\">\n\t\t\t\t\t<div class=\"e-con-inner\">\n\t\t<div class=\"elementor-element elementor-element-3f19fd02 e-con-full e-flex e-con e-child\" data-id=\"3f19fd02\" data-element_type=\"container\" data-e-type=\"container\">\n\t\t\t\t<div class=\"elementor-element elementor-element-4d7ff8f9 elementor-widget__width-auto elementor-widget elementor-widget-heading\" data-id=\"4d7ff8f9\" data-element_type=\"widget\" data-e-type=\"widget\" data-widget_type=\"heading.default\">\n\t\t\t\t\t<h1 class=\"elementor-heading-title elementor-size-default\">Catalogues<\/h1>\t\t\t\t<\/div>\n\t\t\t\t<div class=\"elementor-element elementor-element-464938c5 elementor-widget elementor-widget-text-editor\" data-id=\"464938c5\" data-element_type=\"widget\" data-e-type=\"widget\" data-widget_type=\"text-editor.default\">\n\t\t\t\t\t\t\t\t\t<p>D\u00e9couvrez l&rsquo;ensemble de nos compl\u00e9ments alimentaires, huiles naturelles et produits cosm\u00e9tiques dans notre catalogue complet.<\/p>\t\t\t\t\t\t\t\t<\/div>\n\t\t\t\t<\/div>\n\t\t\t\t\t<\/div>\n\t\t\t\t<\/div>\n\t\t\t\t<\/div>\n\t\t<div class=\"elementor-element elementor-element-6023a313 e-flex e-con-boxed e-con e-parent\" data-id=\"6023a313\" data-element_type=\"container\" data-e-type=\"container\">\n\t\t\t\t\t<div class=\"e-con-inner\">\n\t\t<div class=\"elementor-element elementor-element-9f5b5e5 e-con-full e-flex e-con e-child\" data-id=\"9f5b5e5\" data-element_type=\"container\" data-e-type=\"container\">\n\t\t\t\t<div class=\"elementor-element elementor-element-7cc23955 elementor-widget elementor-widget-text-editor\" data-id=\"7cc23955\" data-element_type=\"widget\" data-e-type=\"widget\" data-widget_type=\"text-editor.default\">\n\t\t\t\t\t\t\t\t\t<p style=\"text-align: center; font-size: 18px; margin-bottom: 50px;\">T\u00e9l\u00e9chargez nos catalogues pour d\u00e9couvrir tous nos produits naturels d\u00e9di\u00e9s \u00e0 votre sant\u00e9 et votre beaut\u00e9.<\/p>\t\t\t\t\t\t\t\t<\/div>\n\t\t<div class=\"elementor-element elementor-element-1875b818 e-con-full e-flex e-con e-child\" data-id=\"1875b818\" data-element_type=\"container\" data-e-type=\"container\">\n\t\t<div class=\"elementor-element elementor-element-74abe09a e-con-full e-flex e-con e-child\" data-id=\"74abe09a\" data-element_type=\"container\" data-e-type=\"container\" data-settings=\"{&quot;background_background&quot;:&quot;classic&quot;}\">\n\t\t\t\t<div class=\"elementor-element elementor-element-73c05f91 elementor-view-default elementor-widget elementor-widget-icon\" data-id=\"73c05f91\" data-element_type=\"widget\" data-e-type=\"widget\" data-widget_type=\"icon.default\">\n\t\t\t\t\t\t\t<div class=\"elementor-icon-wrapper\">\n\t\t\t<div class=\"elementor-icon\">\n\t\t\t<svg aria-hidden=\"true\" class=\"e-font-icon-svg e-fas-pills\" viewBox=\"0 0 576 512\" xmlns=\"http:\/\/www.w3.org\/2000\/svg\"><path d=\"M112 32C50.1 32 0 82.1 0 144v224c0 61.9 50.1 112 112 112s112-50.1 112-112V144c0-61.9-50.1-112-112-112zm48 224H64V144c0-26.5 21.5-48 48-48s48 21.5 48 48v112zm139.7-29.7c-3.5-3.5-9.4-3.1-12.3.8-45.3 62.5-40.4 150.1 15.9 206.4 56.3 56.3 143.9 61.2 206.4 15.9 4-2.9 4.3-8.8.8-12.3L299.7 226.3zm229.8-19c-56.3-56.3-143.9-61.2-206.4-15.9-4 2.9-4.3 8.8-.8 12.3l210.8 210.8c3.5 3.5 9.4 3.1 12.3-.8 45.3-62.6 40.5-150.1-15.9-206.4z\"><\/path><\/svg>\t\t\t<\/div>\n\t\t<\/div>\n\t\t\t\t\t\t<\/div>\n\t\t\t\t<div class=\"elementor-element elementor-element-2825076 elementor-widget elementor-widget-heading\" data-id=\"2825076\" data-element_type=\"widget\" data-e-type=\"widget\" data-widget_type=\"heading.default\">\n\t\t\t\t\t<h3 class=\"elementor-heading-title elementor-size-default\">Compl\u00e9ments alimentaires<\/h3>\t\t\t\t<\/div>\n\t\t\t\t<div class=\"elementor-element elementor-element-e2ea3a4 elementor-widget elementor-widget-text-editor\" data-id=\"e2ea3a4\" data-element_type=\"widget\" data-e-type=\"widget\" data-widget_type=\"text-editor.default\">\n\t\t\t\t\t\t\t\t\t<p style=\"text-align: center;\">D\u00e9couvrez notre gamme compl\u00e8te de compl\u00e9ments alimentaires naturels : spiruline, propolis, ginseng, et bien d&rsquo;autres produits pour votre bien-\u00eatre.<\/p>\t\t\t\t\t\t\t\t<\/div>\n\t\t\t\t<div class=\"elementor-element elementor-element-6a87b404 elementor-align-center elementor-widget elementor-widget-button\" data-id=\"6a87b404\" data-element_type=\"widget\" data-e-type=\"widget\" data-widget_type=\"button.default\">\n\t\t\t\t\t\t\t\t\t\t<a class=\"elementor-button elementor-button-link elementor-size-md\" href=\"https:\/\/annamae-coop.com\/wp-content\/uploads\/2026\/03\/catalogue-complement-alimentaire-1.pdf\">\n\t\t\t\t\t\t<span class=\"elementor-button-content-wrapper\">\n\t\t\t\t\t\t\t\t\t<span class=\"elementor-button-text\">T\u00e9l\u00e9charger le catalogue \"Compl\u00e9ments alimentaires\"<\/span>\n\t\t\t\t\t<\/span>\n\t\t\t\t\t<\/a>\n\t\t\t\t\t\t\t\t<\/div>\n\t\t\t\t<\/div>\n\t\t<div class=\"elementor-element elementor-element-708c8a5a e-con-full e-flex e-con e-child\" data-id=\"708c8a5a\" data-element_type=\"container\" data-e-type=\"container\" data-settings=\"{&quot;background_background&quot;:&quot;classic&quot;}\">\n\t\t\t\t<div class=\"elementor-element elementor-element-62cc3e77 elementor-view-default elementor-widget elementor-widget-icon\" data-id=\"62cc3e77\" data-element_type=\"widget\" data-e-type=\"widget\" data-widget_type=\"icon.default\">\n\t\t\t\t\t\t\t<div class=\"elementor-icon-wrapper\">\n\t\t\t<div class=\"elementor-icon\">\n\t\t\t<svg aria-hidden=\"true\" class=\"e-font-icon-svg e-fas-spa\" viewBox=\"0 0 576 512\" xmlns=\"http:\/\/www.w3.org\/2000\/svg\"><path d=\"M568.25 192c-29.04.13-135.01 6.16-213.84 83-33.12 29.63-53.36 63.3-66.41 94.86-13.05-31.56-33.29-65.23-66.41-94.86-78.83-76.84-184.8-82.87-213.84-83-4.41-.02-7.79 3.4-7.75 7.82.23 27.92 7.14 126.14 88.77 199.3C172.79 480.94 256 480 288 480s115.19.95 199.23-80.88c81.64-73.17 88.54-171.38 88.77-199.3.04-4.42-3.34-7.84-7.75-7.82zM287.98 302.6c12.82-18.85 27.6-35.78 44.09-50.52 19.09-18.61 39.58-33.3 60.26-45.18-16.44-70.5-51.72-133.05-96.73-172.22-4.11-3.58-11.02-3.58-15.14 0-44.99 39.14-80.27 101.63-96.74 172.07 20.37 11.7 40.5 26.14 59.22 44.39a282.768 282.768 0 0 1 45.04 51.46z\"><\/path><\/svg>\t\t\t<\/div>\n\t\t<\/div>\n\t\t\t\t\t\t<\/div>\n\t\t\t\t<div class=\"elementor-element elementor-element-4a7ca056 elementor-widget elementor-widget-heading\" data-id=\"4a7ca056\" data-element_type=\"widget\" data-e-type=\"widget\" data-widget_type=\"heading.default\">\n\t\t\t\t\t<h3 class=\"elementor-heading-title elementor-size-default\">Beaut\u00e9 &amp; Cosm\u00e9tiques<\/h3>\t\t\t\t<\/div>\n\t\t\t\t<div class=\"elementor-element elementor-element-2ea8d137 elementor-widget elementor-widget-text-editor\" data-id=\"2ea8d137\" data-element_type=\"widget\" data-e-type=\"widget\" data-widget_type=\"text-editor.default\">\n\t\t\t\t\t\t\t\t\t<p style=\"text-align: center;\">Explorez notre collection de produits cosm\u00e9tiques naturels : huiles v\u00e9g\u00e9tales, cr\u00e8mes, s\u00e9rums et soins traditionnels pour votre beaut\u00e9.<\/p>\t\t\t\t\t\t\t\t<\/div>\n\t\t\t\t<div class=\"elementor-element elementor-element-6ced4786 elementor-align-center elementor-widget elementor-widget-button\" data-id=\"6ced4786\" data-element_type=\"widget\" data-e-type=\"widget\" data-widget_type=\"button.default\">\n\t\t\t\t\t\t\t\t\t\t<a class=\"elementor-button elementor-button-link elementor-size-md\" href=\"https:\/\/annamae-coop.com\/wp-content\/uploads\/2026\/03\/catalogue-annamae-compressed.pdf-1.pdf\">\n\t\t\t\t\t\t<span class=\"elementor-button-content-wrapper\">\n\t\t\t\t\t\t\t\t\t<span class=\"elementor-button-text\">T\u00e9l\u00e9charger le catalogue \"Beaut\u00e9 &amp; Cosm\u00e9tiques\"<\/span>\n\t\t\t\t\t<\/span>\n\t\t\t\t\t<\/a>\n\t\t\t\t\t\t\t\t<\/div>\n\t\t\t\t<\/div>\n\t\t\t\t<\/div>\n\t\t\t\t<\/div>\n\t\t\t\t\t<\/div>\n\t\t\t\t<\/div>\n\t\t<div class=\"elementor-element elementor-element-c281245 e-flex e-con-boxed e-con e-parent\" data-id=\"c281245\" data-element_type=\"container\" data-e-type=\"container\">\n\t\t\t\t\t<div class=\"e-con-inner\">\n\t\t<div class=\"elementor-element elementor-element-28b557bf e-con-full e-flex e-con e-child\" data-id=\"28b557bf\" data-element_type=\"container\" data-e-type=\"container\" data-settings=\"{&quot;background_background&quot;:&quot;classic&quot;}\">\n\t\t\t\t<div class=\"elementor-element elementor-element-50821d6c elementor-widget elementor-widget-heading\" data-id=\"50821d6c\" data-element_type=\"widget\" data-e-type=\"widget\" data-widget_type=\"heading.default\">\n\t\t\t\t\t<h2 class=\"elementor-heading-title elementor-size-default\">Vous souhaitez en savoir plus sur nos produits naturels ?<\/h2>\t\t\t\t<\/div>\n\t\t\t\t<div class=\"elementor-element elementor-element-22f29dc6 pp-buttons-halign-center pp-buttons-stack-desktop pp-buttons-valign-middle elementor-widget elementor-widget-pp-buttons\" data-id=\"22f29dc6\" data-element_type=\"widget\" data-e-type=\"widget\" data-widget_type=\"pp-buttons.default\">\n\t\t\t\t\t\t\t<div class=\"pp-buttons-group\">\n\t\t\t\t\t\t\t\t\t\t\t<a href=\"https:\/\/annamae-coop.com\/a-propos\/\" class=\"pp-button elementor-button elementor-size-md elementor-repeater-item-cta_catalog_1 \">\n\t\t\t\t\t<div class=\"pp-button-content-wrapper\">\n\t\t\t\t\t\t<span class=\"pp-button-content-inner pp-icon-before\">\n\t\t\t\t\t\t\t\n\t\t\t\t\t\t\t\t<span class=\"pp-button-title\">\n\t\t\t\t\t\t\t\t\tQui sommes nous ?\t\t\t\t\t\t\t\t<\/span>\n\t\t\t\t\t\t\t\t\t\t\t\t\t<\/span>\n\t\t\t\t\t<\/div>\n\t\t\t\t<\/a>\n\t\t\t\t\t\t\t\t\t\t\t\t\t\t\t\t<a href=\"https:\/\/annamae-coop.com\/contact\/\" class=\"pp-button elementor-button elementor-size-md elementor-repeater-item-cta_catalog_2 \">\n\t\t\t\t\t<div class=\"pp-button-content-wrapper\">\n\t\t\t\t\t\t<span class=\"pp-button-content-inner pp-icon-before\">\n\t\t\t\t\t\t\t\n\t\t\t\t\t\t\t\t<span class=\"pp-button-title\">\n\t\t\t\t\t\t\t\t\tContactez nous !\t\t\t\t\t\t\t\t<\/span>\n\t\t\t\t\t\t\t\t\t\t\t\t\t<\/span>\n\t\t\t\t\t<\/div>\n\t\t\t\t<\/a>\n\t\t\t\t\t\t\t\t\t\t<\/div>\t\t\t\t<\/div>\n\t\t\t\t<\/div>\n\t\t\t\t\t<\/div>\n\t\t\t\t<\/div>\n\t\t\t\t<\/div>\n\t\t","protected":false},"excerpt":{"rendered":"<p>Catalogues D\u00e9couvrez l&rsquo;ensemble de nos compl\u00e9ments alimentaires, huiles naturelles et produits cosm\u00e9tiques dans notre catalogue complet. T\u00e9l\u00e9chargez nos catalogues pour d\u00e9couvrir tous nos produits naturels d\u00e9di\u00e9s \u00e0 votre sant\u00e9 et votre beaut\u00e9. Compl\u00e9ments alimentaires D\u00e9couvrez notre gamme compl\u00e8te de compl\u00e9ments alimentaires naturels : spiruline, propolis, ginseng, et bien d&rsquo;autres produits pour votre bien-\u00eatre. T\u00e9l\u00e9charger le [&hellip;]<\/p>\n","protected":false},"author":1,"featured_media":0,"parent":0,"menu_order":0,"comment_status":"closed","ping_status":"closed","template":"elementor_header_footer","meta":{"footnotes":""},"class_list":["post-192","page","type-page","status-publish","hentry"],"_links":{"self":[{"href":"https:\/\/annamae-coop.com\/ar\/wp-json\/wp\/v2\/pages\/192","targetHints":{"allow":["GET"]}}],"collection":[{"href":"https:\/\/annamae-coop.com\/ar\/wp-json\/wp\/v2\/pages"}],"about":[{"href":"https:\/\/annamae-coop.com\/ar\/wp-json\/wp\/v2\/types\/page"}],"author":[{"embeddable":true,"href":"https:\/\/annamae-coop.com\/ar\/wp-json\/wp\/v2\/users\/1"}],"replies":[{"embeddable":true,"href":"https:\/\/annamae-coop.com\/ar\/wp-json\/wp\/v2\/comments?post=192"}],"version-history":[{"count":43,"href":"https:\/\/annamae-coop.com\/ar\/wp-json\/wp\/v2\/pages\/192\/revisions"}],"predecessor-version":[{"id":365,"href":"https:\/\/annamae-coop.com\/ar\/wp-json\/wp\/v2\/pages\/192\/revisions\/365"}],"wp:attachment":[{"href":"https:\/\/annamae-coop.com\/ar\/wp-json\/wp\/v2\/media?parent=192"}],"curies":[{"name":"wp","href":"https:\/\/api.w.org\/{rel}","templated":true}]}}